{"id":593,"date":"2025-04-22T18:10:16","date_gmt":"2025-04-22T18:10:16","guid":{"rendered":"https:\/\/modatuscaprichos.com\/producto\/elegancia-intemporal-reloj-y-bisuteria\/"},"modified":"2025-06-13T13:39:51","modified_gmt":"2025-06-13T13:39:51","slug":"elegancia-intemporal-reloj-y-bisuteria","status":"publish","type":"product","link":"https:\/\/modatuscaprichos.com\/en\/producto\/elegancia-intemporal-reloj-y-bisuteria\/","title":{"rendered":"Elegancia Intemporal: Reloj y Bisuter\u00eda"},"content":{"rendered":"","protected":false},"excerpt":{"rendered":"<p>Conjunto de reloj y bisuter\u00eda, elegante y funcional, dise\u00f1ado para destacar.<\/p>\n","protected":false},"featured_media":553,"comment_status":"open","ping_status":"closed","template":"","meta":{"_acf_changed":false,"iawp_total_views":0},"marca":[59,97],"product_brand":[],"product_cat":[112,102],"product_tag":[113,114,115],"class_list":{"0":"post-593","1":"product","2":"type-product","3":"status-publish","4":"has-post-thumbnail","6":"marca-elegance","7":"marca-sophistiq","8":"product_cat-bisuteria-en","9":"product_cat-reloges-en","10":"product_tag-accesorios-en","11":"product_tag-bisuteria-en","12":"product_tag-relojes-en","14":"first","15":"instock","16":"sale","17":"shipping-taxable","18":"purchasable","19":"product-type-simple"},"acf":[],"yoast_head":"<!-- This site is optimized with the Yoast SEO plugin v27.4 - https:\/\/yoast.com\/product\/yoast-seo-wordpress\/ -->\n<title>Elegancia Intemporal: Reloj y Bisuter\u00eda - Modas tuscaprichos<\/title>\n<meta name=\"description\" content=\"Descubre nuestra selecci\u00f3n de relojes y bisuter\u00eda que combinan elegancia y funcionalidad. Aprovecha env\u00edo gratis y 100 d\u00edas de devoluci\u00f3n.\" \/>\n<meta name=\"robots\" content=\"index, follow, max-snippet:-1, max-image-preview:large, max-video-preview:-1\" \/>\n<link rel=\"canonical\" href=\"https:\/\/modatuscaprichos.com\/en\/producto\/elegancia-intemporal-reloj-y-bisuteria\/\" \/>\n<meta property=\"og:locale\" content=\"en_US\" \/>\n<meta property=\"og:type\" content=\"article\" \/>\n<meta property=\"og:title\" content=\"Elegancia Intemporal: Reloj y Bisuter\u00eda - Modas tuscaprichos\" \/>\n<meta property=\"og:description\" content=\"Descubre nuestra selecci\u00f3n de relojes y bisuter\u00eda que combinan elegancia y funcionalidad. Aprovecha env\u00edo gratis y 100 d\u00edas de devoluci\u00f3n.\" \/>\n<meta property=\"og:url\" content=\"https:\/\/modatuscaprichos.com\/en\/producto\/elegancia-intemporal-reloj-y-bisuteria\/\" \/>\n<meta property=\"og:site_name\" content=\"Modas tuscaprichos\" \/>\n<meta property=\"article:modified_time\" content=\"2025-06-13T13:39:51+00:00\" \/>\n<meta property=\"og:image\" content=\"https:\/\/modatuscaprichos.com\/wp-content\/uploads\/2025\/04\/Leonardo_Vision_XL_Un_reloj_y_conjunto_de_bisutera_exhibidos_s_0.jpg\" \/>\n\t<meta property=\"og:image:width\" content=\"1792\" \/>\n\t<meta property=\"og:image:height\" content=\"1456\" \/>\n\t<meta property=\"og:image:type\" content=\"image\/jpeg\" \/>\n<meta name=\"twitter:card\" content=\"summary_large_image\" \/>\n<!-- \/ Yoast SEO plugin. -->","yoast_head_json":{"title":"Elegancia Intemporal: Reloj y Bisuter\u00eda - Modas tuscaprichos","description":"Descubre nuestra selecci\u00f3n de relojes y bisuter\u00eda que combinan elegancia y funcionalidad. Aprovecha env\u00edo gratis y 100 d\u00edas de devoluci\u00f3n.","robots":{"index":"index","follow":"follow","max-snippet":"max-snippet:-1","max-image-preview":"max-image-preview:large","max-video-preview":"max-video-preview:-1"},"canonical":"https:\/\/modatuscaprichos.com\/en\/producto\/elegancia-intemporal-reloj-y-bisuteria\/","og_locale":"en_US","og_type":"article","og_title":"Elegancia Intemporal: Reloj y Bisuter\u00eda - Modas tuscaprichos","og_description":"Descubre nuestra selecci\u00f3n de relojes y bisuter\u00eda que combinan elegancia y funcionalidad. Aprovecha env\u00edo gratis y 100 d\u00edas de devoluci\u00f3n.","og_url":"https:\/\/modatuscaprichos.com\/en\/producto\/elegancia-intemporal-reloj-y-bisuteria\/","og_site_name":"Modas tuscaprichos","article_modified_time":"2025-06-13T13:39:51+00:00","og_image":[{"width":1792,"height":1456,"url":"https:\/\/modatuscaprichos.com\/wp-content\/uploads\/2025\/04\/Leonardo_Vision_XL_Un_reloj_y_conjunto_de_bisutera_exhibidos_s_0.jpg","type":"image\/jpeg"}],"twitter_card":"summary_large_image","schema":{"@context":"https:\/\/schema.org","@graph":[{"@type":"WebPage","@id":"https:\/\/modatuscaprichos.com\/en\/producto\/elegancia-intemporal-reloj-y-bisuteria\/","url":"https:\/\/modatuscaprichos.com\/en\/producto\/elegancia-intemporal-reloj-y-bisuteria\/","name":"Elegancia Intemporal: Reloj y Bisuter\u00eda - Modas tuscaprichos","isPartOf":{"@id":"https:\/\/modatuscaprichos.com\/en\/#website"},"primaryImageOfPage":{"@id":"https:\/\/modatuscaprichos.com\/en\/producto\/elegancia-intemporal-reloj-y-bisuteria\/#primaryimage"},"image":{"@id":"https:\/\/modatuscaprichos.com\/en\/producto\/elegancia-intemporal-reloj-y-bisuteria\/#primaryimage"},"thumbnailUrl":"https:\/\/modatuscaprichos.com\/wp-content\/uploads\/2025\/04\/Leonardo_Vision_XL_Un_reloj_y_conjunto_de_bisutera_exhibidos_s_0.jpg","datePublished":"2025-04-22T18:10:16+00:00","dateModified":"2025-06-13T13:39:51+00:00","description":"Descubre nuestra selecci\u00f3n de relojes y bisuter\u00eda que combinan elegancia y funcionalidad. Aprovecha env\u00edo gratis y 100 d\u00edas de devoluci\u00f3n.","breadcrumb":{"@id":"https:\/\/modatuscaprichos.com\/en\/producto\/elegancia-intemporal-reloj-y-bisuteria\/#breadcrumb"},"inLanguage":"en-US","potentialAction":[{"@type":"ReadAction","target":["https:\/\/modatuscaprichos.com\/en\/producto\/elegancia-intemporal-reloj-y-bisuteria\/"]}]},{"@type":"ImageObject","inLanguage":"en-US","@id":"https:\/\/modatuscaprichos.com\/en\/producto\/elegancia-intemporal-reloj-y-bisuteria\/#primaryimage","url":"https:\/\/modatuscaprichos.com\/wp-content\/uploads\/2025\/04\/Leonardo_Vision_XL_Un_reloj_y_conjunto_de_bisutera_exhibidos_s_0.jpg","contentUrl":"https:\/\/modatuscaprichos.com\/wp-content\/uploads\/2025\/04\/Leonardo_Vision_XL_Un_reloj_y_conjunto_de_bisutera_exhibidos_s_0.jpg","width":1792,"height":1456},{"@type":"BreadcrumbList","@id":"https:\/\/modatuscaprichos.com\/en\/producto\/elegancia-intemporal-reloj-y-bisuteria\/#breadcrumb","itemListElement":[{"@type":"ListItem","position":1,"name":"Portada","item":"https:\/\/modatuscaprichos.com\/en\/"},{"@type":"ListItem","position":2,"name":"Tienda","item":"https:\/\/modatuscaprichos.com\/en\/tienda\/"},{"@type":"ListItem","position":3,"name":"Elegancia Intemporal: Reloj y Bisuter\u00eda"}]},{"@type":"WebSite","@id":"https:\/\/modatuscaprichos.com\/en\/#website","url":"https:\/\/modatuscaprichos.com\/en\/","name":"Modas tuscaprichos","description":"","potentialAction":[{"@type":"SearchAction","target":{"@type":"EntryPoint","urlTemplate":"https:\/\/modatuscaprichos.com\/en\/?s={search_term_string}"},"query-input":{"@type":"PropertyValueSpecification","valueRequired":true,"valueName":"search_term_string"}}],"inLanguage":"en-US"}]}},"_links":{"self":[{"href":"https:\/\/modatuscaprichos.com\/en\/wp-json\/wp\/v2\/product\/593","targetHints":{"allow":["GET"]}}],"collection":[{"href":"https:\/\/modatuscaprichos.com\/en\/wp-json\/wp\/v2\/product"}],"about":[{"href":"https:\/\/modatuscaprichos.com\/en\/wp-json\/wp\/v2\/types\/product"}],"replies":[{"embeddable":true,"href":"https:\/\/modatuscaprichos.com\/en\/wp-json\/wp\/v2\/comments?post=593"}],"wp:featuredmedia":[{"embeddable":true,"href":"https:\/\/modatuscaprichos.com\/en\/wp-json\/wp\/v2\/media\/553"}],"wp:attachment":[{"href":"https:\/\/modatuscaprichos.com\/en\/wp-json\/wp\/v2\/media?parent=593"}],"wp:term":[{"taxonomy":"marca","embeddable":true,"href":"https:\/\/modatuscaprichos.com\/en\/wp-json\/wp\/v2\/marca?post=593"},{"taxonomy":"product_brand","embeddable":true,"href":"https:\/\/modatuscaprichos.com\/en\/wp-json\/wp\/v2\/product_brand?post=593"},{"taxonomy":"product_cat","embeddable":true,"href":"https:\/\/modatuscaprichos.com\/en\/wp-json\/wp\/v2\/product_cat?post=593"},{"taxonomy":"product_tag","embeddable":true,"href":"https:\/\/modatuscaprichos.com\/en\/wp-json\/wp\/v2\/product_tag?post=593"}],"curies":[{"name":"wp","href":"https:\/\/api.w.org\/{rel}","templated":true}]}}