{"id":592,"date":"2025-04-22T18:11:09","date_gmt":"2025-04-22T18:11:09","guid":{"rendered":"https:\/\/modatuscaprichos.com\/producto\/elegantes-zapatillas-de-moda-con-accesorios-exclusivos\/"},"modified":"2025-06-13T13:39:51","modified_gmt":"2025-06-13T13:39:51","slug":"elegantes-zapatillas-de-moda-con-accesorios-exclusivos","status":"publish","type":"product","link":"https:\/\/modatuscaprichos.com\/en\/producto\/elegantes-zapatillas-de-moda-con-accesorios-exclusivos\/","title":{"rendered":"Elegantes Zapatillas de Moda con Accesorios Exclusivos"},"content":{"rendered":"","protected":false},"excerpt":{"rendered":"<p>Zapatillas con dise\u00f1o exclusivo, comodidad y estilo en cada paso.<\/p>\n","protected":false},"featured_media":562,"comment_status":"open","ping_status":"closed","template":"","meta":{"_acf_changed":false,"iawp_total_views":0},"marca":[98,48],"product_brand":[],"product_cat":[107,108],"product_tag":[109,110,111],"class_list":{"0":"post-592","1":"product","2":"type-product","3":"status-publish","4":"has-post-thumbnail","6":"marca-luxe-style","7":"marca-tuscaprichos","8":"product_cat-accesorios-en","9":"product_cat-zapatillas-en","10":"product_tag-elegancia-en","11":"product_tag-moda-en","12":"product_tag-zapatillas-en","14":"first","15":"instock","16":"sale","17":"shipping-taxable","18":"purchasable","19":"product-type-simple"},"acf":[],"yoast_head":"<!-- This site is optimized with the Yoast SEO plugin v27.4 - https:\/\/yoast.com\/product\/yoast-seo-wordpress\/ -->\n<title>Zapatillas de Moda con Accesorios Exclusivos<\/title>\n<meta name=\"description\" content=\"Descubre nuestras elegantes zapatillas con accesorios exclusivos, estilo y sostenibilidad. Env\u00edo gratis y devoluci\u00f3n en 100 d\u00edas en Modas tuscaprichos.\" \/>\n<meta name=\"robots\" content=\"index, follow, max-snippet:-1, max-image-preview:large, max-video-preview:-1\" \/>\n<link rel=\"canonical\" href=\"https:\/\/modatuscaprichos.com\/en\/producto\/elegantes-zapatillas-de-moda-con-accesorios-exclusivos\/\" \/>\n<meta property=\"og:locale\" content=\"en_US\" \/>\n<meta property=\"og:type\" content=\"article\" \/>\n<meta property=\"og:title\" content=\"Zapatillas de Moda con Accesorios Exclusivos\" \/>\n<meta property=\"og:description\" content=\"Descubre nuestras elegantes zapatillas con accesorios exclusivos, estilo y sostenibilidad. Env\u00edo gratis y devoluci\u00f3n en 100 d\u00edas en Modas tuscaprichos.\" \/>\n<meta property=\"og:url\" content=\"https:\/\/modatuscaprichos.com\/en\/producto\/elegantes-zapatillas-de-moda-con-accesorios-exclusivos\/\" \/>\n<meta property=\"og:site_name\" content=\"Modas tuscaprichos\" \/>\n<meta property=\"article:modified_time\" content=\"2025-06-13T13:39:51+00:00\" \/>\n<meta property=\"og:image\" content=\"https:\/\/modatuscaprichos.com\/wp-content\/uploads\/2025\/04\/Leonardo_Vision_XL_Una_elegante_zapatilla_de_moda_colocada_sob_0.jpg\" \/>\n\t<meta property=\"og:image:width\" content=\"1792\" \/>\n\t<meta property=\"og:image:height\" content=\"1456\" \/>\n\t<meta property=\"og:image:type\" content=\"image\/jpeg\" \/>\n<meta name=\"twitter:card\" content=\"summary_large_image\" \/>\n<!-- \/ Yoast SEO plugin. -->","yoast_head_json":{"title":"Zapatillas de Moda con Accesorios Exclusivos","description":"Descubre nuestras elegantes zapatillas con accesorios exclusivos, estilo y sostenibilidad. Env\u00edo gratis y devoluci\u00f3n en 100 d\u00edas en Modas tuscaprichos.","robots":{"index":"index","follow":"follow","max-snippet":"max-snippet:-1","max-image-preview":"max-image-preview:large","max-video-preview":"max-video-preview:-1"},"canonical":"https:\/\/modatuscaprichos.com\/en\/producto\/elegantes-zapatillas-de-moda-con-accesorios-exclusivos\/","og_locale":"en_US","og_type":"article","og_title":"Zapatillas de Moda con Accesorios Exclusivos","og_description":"Descubre nuestras elegantes zapatillas con accesorios exclusivos, estilo y sostenibilidad. Env\u00edo gratis y devoluci\u00f3n en 100 d\u00edas en Modas tuscaprichos.","og_url":"https:\/\/modatuscaprichos.com\/en\/producto\/elegantes-zapatillas-de-moda-con-accesorios-exclusivos\/","og_site_name":"Modas tuscaprichos","article_modified_time":"2025-06-13T13:39:51+00:00","og_image":[{"width":1792,"height":1456,"url":"https:\/\/modatuscaprichos.com\/wp-content\/uploads\/2025\/04\/Leonardo_Vision_XL_Una_elegante_zapatilla_de_moda_colocada_sob_0.jpg","type":"image\/jpeg"}],"twitter_card":"summary_large_image","schema":{"@context":"https:\/\/schema.org","@graph":[{"@type":"WebPage","@id":"https:\/\/modatuscaprichos.com\/en\/producto\/elegantes-zapatillas-de-moda-con-accesorios-exclusivos\/","url":"https:\/\/modatuscaprichos.com\/en\/producto\/elegantes-zapatillas-de-moda-con-accesorios-exclusivos\/","name":"Zapatillas de Moda con Accesorios Exclusivos","isPartOf":{"@id":"https:\/\/modatuscaprichos.com\/en\/#website"},"primaryImageOfPage":{"@id":"https:\/\/modatuscaprichos.com\/en\/producto\/elegantes-zapatillas-de-moda-con-accesorios-exclusivos\/#primaryimage"},"image":{"@id":"https:\/\/modatuscaprichos.com\/en\/producto\/elegantes-zapatillas-de-moda-con-accesorios-exclusivos\/#primaryimage"},"thumbnailUrl":"https:\/\/modatuscaprichos.com\/wp-content\/uploads\/2025\/04\/Leonardo_Vision_XL_Una_elegante_zapatilla_de_moda_colocada_sob_0.jpg","datePublished":"2025-04-22T18:11:09+00:00","dateModified":"2025-06-13T13:39:51+00:00","description":"Descubre nuestras elegantes zapatillas con accesorios exclusivos, estilo y sostenibilidad. Env\u00edo gratis y devoluci\u00f3n en 100 d\u00edas en Modas tuscaprichos.","breadcrumb":{"@id":"https:\/\/modatuscaprichos.com\/en\/producto\/elegantes-zapatillas-de-moda-con-accesorios-exclusivos\/#breadcrumb"},"inLanguage":"en-US","potentialAction":[{"@type":"ReadAction","target":["https:\/\/modatuscaprichos.com\/en\/producto\/elegantes-zapatillas-de-moda-con-accesorios-exclusivos\/"]}]},{"@type":"ImageObject","inLanguage":"en-US","@id":"https:\/\/modatuscaprichos.com\/en\/producto\/elegantes-zapatillas-de-moda-con-accesorios-exclusivos\/#primaryimage","url":"https:\/\/modatuscaprichos.com\/wp-content\/uploads\/2025\/04\/Leonardo_Vision_XL_Una_elegante_zapatilla_de_moda_colocada_sob_0.jpg","contentUrl":"https:\/\/modatuscaprichos.com\/wp-content\/uploads\/2025\/04\/Leonardo_Vision_XL_Una_elegante_zapatilla_de_moda_colocada_sob_0.jpg","width":1792,"height":1456},{"@type":"BreadcrumbList","@id":"https:\/\/modatuscaprichos.com\/en\/producto\/elegantes-zapatillas-de-moda-con-accesorios-exclusivos\/#breadcrumb","itemListElement":[{"@type":"ListItem","position":1,"name":"Portada","item":"https:\/\/modatuscaprichos.com\/en\/"},{"@type":"ListItem","position":2,"name":"Tienda","item":"https:\/\/modatuscaprichos.com\/en\/tienda\/"},{"@type":"ListItem","position":3,"name":"Elegantes Zapatillas de Moda con Accesorios Exclusivos"}]},{"@type":"WebSite","@id":"https:\/\/modatuscaprichos.com\/en\/#website","url":"https:\/\/modatuscaprichos.com\/en\/","name":"Modas tuscaprichos","description":"","potentialAction":[{"@type":"SearchAction","target":{"@type":"EntryPoint","urlTemplate":"https:\/\/modatuscaprichos.com\/en\/?s={search_term_string}"},"query-input":{"@type":"PropertyValueSpecification","valueRequired":true,"valueName":"search_term_string"}}],"inLanguage":"en-US"}]}},"_links":{"self":[{"href":"https:\/\/modatuscaprichos.com\/en\/wp-json\/wp\/v2\/product\/592","targetHints":{"allow":["GET"]}}],"collection":[{"href":"https:\/\/modatuscaprichos.com\/en\/wp-json\/wp\/v2\/product"}],"about":[{"href":"https:\/\/modatuscaprichos.com\/en\/wp-json\/wp\/v2\/types\/product"}],"replies":[{"embeddable":true,"href":"https:\/\/modatuscaprichos.com\/en\/wp-json\/wp\/v2\/comments?post=592"}],"wp:featuredmedia":[{"embeddable":true,"href":"https:\/\/modatuscaprichos.com\/en\/wp-json\/wp\/v2\/media\/562"}],"wp:attachment":[{"href":"https:\/\/modatuscaprichos.com\/en\/wp-json\/wp\/v2\/media?parent=592"}],"wp:term":[{"taxonomy":"marca","embeddable":true,"href":"https:\/\/modatuscaprichos.com\/en\/wp-json\/wp\/v2\/marca?post=592"},{"taxonomy":"product_brand","embeddable":true,"href":"https:\/\/modatuscaprichos.com\/en\/wp-json\/wp\/v2\/product_brand?post=592"},{"taxonomy":"product_cat","embeddable":true,"href":"https:\/\/modatuscaprichos.com\/en\/wp-json\/wp\/v2\/product_cat?post=592"},{"taxonomy":"product_tag","embeddable":true,"href":"https:\/\/modatuscaprichos.com\/en\/wp-json\/wp\/v2\/product_tag?post=592"}],"curies":[{"name":"wp","href":"https:\/\/api.w.org\/{rel}","templated":true}]}}